{"id":1082,"date":"2025-10-13T21:15:23","date_gmt":"2025-10-13T19:15:23","guid":{"rendered":"https:\/\/wbw-akademie.de\/?page_id=1082"},"modified":"2025-10-13T21:49:06","modified_gmt":"2025-10-13T19:49:06","slug":"unser-team","status":"publish","type":"page","link":"https:\/\/wbw-akademie.de\/uk\/\u043d\u0430\u0448\u0430-\u043a\u043e\u043c\u0430\u043d\u0434\u0430\/","title":{"rendered":"\u041d\u0430\u0448\u0430 \u043a\u043e\u043c\u0430\u043d\u0434\u0430"},"content":{"rendered":"<div data-elementor-type=\"wp-page\" data-elementor-id=\"1082\" class=\"elementor elementor-1082\" data-elementor-post-type=\"page\">\n\t\t\t\t\t\t<section class=\"elementor-section elementor-top-section elementor-element elementor-element-45732fb elementor-section-boxed elementor-section-height-default elementor-section-height-default\" data-id=\"45732fb\" data-element_type=\"section\">\n\t\t\t\t\t\t<div class=\"elementor-container elementor-column-gap-default\">\n\t\t\t\t\t<div class=\"elementor-column elementor-col-50 elementor-top-column elementor-element elementor-element-bb70398\" data-id=\"bb70398\" data-element_type=\"column\">\n\t\t\t<div class=\"elementor-widget-wrap elementor-element-populated\">\n\t\t\t\t\t\t<div class=\"elementor-element elementor-element-d17fe65 elementor-widget elementor-widget-heading\" data-id=\"d17fe65\" data-element_type=\"widget\" data-widget_type=\"heading.default\">\n\t\t\t\t<div class=\"elementor-widget-container\">\n\t\t\t\t\t<h2 class=\"elementor-heading-title elementor-size-default\">\u042f\u043d\u0430 \u0413\u043e\u043b\u043e\u043b\u043e\u0431<\/h2>\t\t\t\t<\/div>\n\t\t\t\t<\/div>\n\t\t\t\t<div class=\"elementor-element elementor-element-e1e2448 elementor-widget elementor-widget-image\" data-id=\"e1e2448\" data-element_type=\"widget\" data-widget_type=\"image.default\">\n\t\t\t\t<div class=\"elementor-widget-container\">\n\t\t\t\t\t\t\t\t\t\t\t\t\t\t\t<img decoding=\"async\" width=\"193\" height=\"257\" src=\"https:\/\/wbw-akademie.de\/wp-content\/uploads\/Foto-Yana-Gololob.jpg\" class=\"attachment-large size-large wp-image-1107\" alt=\"\" srcset=\"https:\/\/wbw-akademie.de\/wp-content\/uploads\/Foto-Yana-Gololob.jpg 193w, https:\/\/wbw-akademie.de\/wp-content\/uploads\/Foto-Yana-Gololob-113x150.jpg 113w, https:\/\/wbw-akademie.de\/wp-content\/uploads\/Foto-Yana-Gololob-9x12.jpg 9w\" sizes=\"(max-width: 193px) 100vw, 193px\" \/>\t\t\t\t\t\t\t\t\t\t\t\t\t\t\t<\/div>\n\t\t\t\t<\/div>\n\t\t\t\t<div class=\"elementor-element elementor-element-e994c8d elementor-widget elementor-widget-text-editor\" data-id=\"e994c8d\" data-element_type=\"widget\" data-widget_type=\"text-editor.default\">\n\t\t\t\t<div class=\"elementor-widget-container\">\n\t\t\t\t\t\t\t\t\t<ul><li>20 \u0440\u043e\u043a\u0456\u0432 \u043f\u0440\u043e\u0444\u0435\u0441\u0456\u0439\u043d\u043e\u0433\u043e \u0434\u043e\u0441\u0432\u0456\u0434\u0443 \u0432 \u0442\u0430\u043a\u0438\u0445 \u0441\u0444\u0435\u0440\u0430\u0445:<\/li><li>\u041f\u0441\u0438\u0445\u043e\u0442\u0435\u0440\u0430\u043f\u0456\u044f \u0434\u043b\u044f \u0434\u0456\u0442\u0435\u0439, \u043f\u0456\u0434\u043b\u0456\u0442\u043a\u0456\u0432 \u0442\u0430 \u0434\u043e\u0440\u043e\u0441\u043b\u0438\u0445<\/li><li>\u0406\u043d\u043a\u043b\u044e\u0437\u0456\u044f \u0442\u0430 \u043f\u0435\u0434\u0430\u0433\u043e\u0433\u0456\u043a\u0430<\/li><li>\u0441\u043e\u0446\u0456\u0430\u043b\u044c\u043d\u0430 \u0440\u043e\u0431\u043e\u0442\u0430<\/li><li><span style=\"color: #ff0000;\"><b>UA, RU, EN, DE<\/b><\/span><\/li><\/ul>\t\t\t\t\t\t\t\t<\/div>\n\t\t\t\t<\/div>\n\t\t\t\t\t<\/div>\n\t\t<\/div>\n\t\t\t\t<div class=\"elementor-column elementor-col-50 elementor-top-column elementor-element elementor-element-4c2741e\" data-id=\"4c2741e\" data-element_type=\"column\">\n\t\t\t<div class=\"elementor-widget-wrap elementor-element-populated\">\n\t\t\t\t\t\t<div class=\"elementor-element elementor-element-a5fa9f8 elementor-widget elementor-widget-heading\" data-id=\"a5fa9f8\" data-element_type=\"widget\" data-widget_type=\"heading.default\">\n\t\t\t\t<div class=\"elementor-widget-container\">\n\t\t\t\t\t<h2 class=\"elementor-heading-title elementor-size-default\">\u041d\u0430\u0442\u0430\u043b\u0456\u044f \u042f\u0446\u0435\u043d\u043a\u043e<\/h2>\t\t\t\t<\/div>\n\t\t\t\t<\/div>\n\t\t\t\t<div class=\"elementor-element elementor-element-1fea2d8 elementor-widget elementor-widget-image\" data-id=\"1fea2d8\" data-element_type=\"widget\" data-widget_type=\"image.default\">\n\t\t\t\t<div class=\"elementor-widget-container\">\n\t\t\t\t\t\t\t\t\t\t\t\t\t\t\t<img decoding=\"async\" width=\"193\" height=\"257\" src=\"https:\/\/wbw-akademie.de\/wp-content\/uploads\/Foto-Natalia-Jatsenko.jpg\" class=\"attachment-large size-large wp-image-1108\" alt=\"\" srcset=\"https:\/\/wbw-akademie.de\/wp-content\/uploads\/Foto-Natalia-Jatsenko.jpg 193w, https:\/\/wbw-akademie.de\/wp-content\/uploads\/Foto-Natalia-Jatsenko-113x150.jpg 113w, https:\/\/wbw-akademie.de\/wp-content\/uploads\/Foto-Natalia-Jatsenko-9x12.jpg 9w\" sizes=\"(max-width: 193px) 100vw, 193px\" \/>\t\t\t\t\t\t\t\t\t\t\t\t\t\t\t<\/div>\n\t\t\t\t<\/div>\n\t\t\t\t<div class=\"elementor-element elementor-element-39ac289 elementor-widget elementor-widget-text-editor\" data-id=\"39ac289\" data-element_type=\"widget\" data-widget_type=\"text-editor.default\">\n\t\t\t\t<div class=\"elementor-widget-container\">\n\t\t\t\t\t\t\t\t\t<p>\u00a0 \u00a0 \u00a0 \u00a015 \u0440\u043e\u043a\u0456\u0432 \u043f\u0440\u043e\u0444\u0435\u0441\u0456\u0439\u043d\u043e\u0433\u043e \u0434\u043e\u0441\u0432\u0456\u0434\u0443 \u0432 \u0442\u0430\u043a\u0438\u0445 \u0441\u0444\u0435\u0440\u0430\u0445:<\/p><ul><li>\u0414\u0438\u043f\u043b\u043e\u043c \u0437 \u043e\u0441\u0432\u0456\u0442\u0438<\/li><li>\u041e\u0441\u0432\u0456\u0442\u0430 \u0434\u043e\u0440\u043e\u0441\u043b\u0438\u0445<\/li><li>\u041a\u043e\u043d\u0441\u0443\u043b\u044c\u0442\u0443\u0432\u0430\u043d\u043d\u044f \u0442\u0430 \u043a\u043e\u0443\u0447\u0438\u043d\u0433 \u0434\u043b\u044f \u0431\u0456\u0436\u0435\u043d\u0446\u0456\u0432<\/li><li>\u0421\u043e\u0446\u0456\u0430\u043b\u044c\u043d\u0430 \u043f\u0435\u0434\u0430\u0433\u043e\u0433\u0456\u043a\u0430<\/li><li>\u041c\u043e\u0432\u043d\u0456 \u043a\u0443\u0440\u0441\u0438<\/li><li><span style=\"color: #ff0000;\"><b>UA, RU, DE<\/b><\/span><\/li><\/ul>\t\t\t\t\t\t\t\t<\/div>\n\t\t\t\t<\/div>\n\t\t\t\t\t<\/div>\n\t\t<\/div>\n\t\t\t\t\t<\/div>\n\t\t<\/section>\n\t\t\t\t<section class=\"elementor-section elementor-top-section elementor-element elementor-element-b999c16 elementor-section-boxed elementor-section-height-default elementor-section-height-default\" data-id=\"b999c16\" data-element_type=\"section\">\n\t\t\t\t\t\t<div class=\"elementor-container elementor-column-gap-default\">\n\t\t\t\t\t<div class=\"elementor-column elementor-col-50 elementor-top-column elementor-element elementor-element-e67cd52\" data-id=\"e67cd52\" data-element_type=\"column\">\n\t\t\t<div class=\"elementor-widget-wrap elementor-element-populated\">\n\t\t\t\t\t\t<div class=\"elementor-element elementor-element-04a6c3a elementor-widget elementor-widget-heading\" data-id=\"04a6c3a\" data-element_type=\"widget\" data-widget_type=\"heading.default\">\n\t\t\t\t<div class=\"elementor-widget-container\">\n\t\t\t\t\t<h2 class=\"elementor-heading-title elementor-size-default\">\u0406\u0440\u0438\u043d\u0430 \u041e\u0441\u0442\u0440\u0430<\/h2>\t\t\t\t<\/div>\n\t\t\t\t<\/div>\n\t\t\t\t<div class=\"elementor-element elementor-element-4f51dcf elementor-widget elementor-widget-image\" data-id=\"4f51dcf\" data-element_type=\"widget\" data-widget_type=\"image.default\">\n\t\t\t\t<div class=\"elementor-widget-container\">\n\t\t\t\t\t\t\t\t\t\t\t\t\t\t\t<img fetchpriority=\"high\" decoding=\"async\" width=\"200\" height=\"267\" src=\"https:\/\/wbw-akademie.de\/wp-content\/uploads\/Foto-Irina-Ostra.jpg\" class=\"attachment-medium size-medium wp-image-1105\" alt=\"\" srcset=\"https:\/\/wbw-akademie.de\/wp-content\/uploads\/Foto-Irina-Ostra.jpg 200w, https:\/\/wbw-akademie.de\/wp-content\/uploads\/Foto-Irina-Ostra-112x150.jpg 112w, https:\/\/wbw-akademie.de\/wp-content\/uploads\/Foto-Irina-Ostra-9x12.jpg 9w\" sizes=\"(max-width: 200px) 100vw, 200px\" \/>\t\t\t\t\t\t\t\t\t\t\t\t\t\t\t<\/div>\n\t\t\t\t<\/div>\n\t\t\t\t<div class=\"elementor-element elementor-element-0fa8758 elementor-widget elementor-widget-text-editor\" data-id=\"0fa8758\" data-element_type=\"widget\" data-widget_type=\"text-editor.default\">\n\t\t\t\t<div class=\"elementor-widget-container\">\n\t\t\t\t\t\t\t\t\t<ul><li>18 \u0440\u043e\u043a\u0456\u0432 \u043f\u0440\u043e\u0444\u0435\u0441\u0456\u0439\u043d\u043e\u0433\u043e \u0434\u043e\u0441\u0432\u0456\u0434\u0443 \u0432:<\/li><li>\u0415\u043a\u043e\u043d\u043e\u043c\u0456\u043a\u0430 \u043e\u0445\u043e\u0440\u043e\u043d\u0438 \u0437\u0434\u043e\u0440\u043e\u0432&#039;\u044f<\/li><li>\u041a\u043e\u0443\u0447\u0456\u043d\u0433 \u0434\u043b\u044f \u0431\u0456\u0437\u043d\u0435\u0441\u043c\u0435\u043d\u0456\u0432<\/li><li>\u041e\u0441\u0432\u0456\u0442\u0430 \u0434\u043e\u0440\u043e\u0441\u043b\u0438\u0445<\/li><li>\u041c\u0456\u0436\u043d\u0430\u0440\u043e\u0434\u043d\u0438\u0439 \u043c\u0435\u0434\u0438\u0447\u043d\u0438\u0439 \u043a\u043e\u043d\u0441\u0430\u043b\u0442\u0438\u043d\u0433<\/li><li><b>UA, RU, EN, DE<\/b><\/li><li><span style=\"color: #ff0000;\"><b>\u0423\u043f\u0440\u0430\u0432\u043b\u0456\u043d\u043d\u044f WBW Akademie<\/b><\/span><\/li><\/ul>\t\t\t\t\t\t\t\t<\/div>\n\t\t\t\t<\/div>\n\t\t\t\t\t<\/div>\n\t\t<\/div>\n\t\t\t\t<div class=\"elementor-column elementor-col-50 elementor-top-column elementor-element elementor-element-25b017c\" data-id=\"25b017c\" data-element_type=\"column\">\n\t\t\t<div class=\"elementor-widget-wrap elementor-element-populated\">\n\t\t\t\t\t\t<div class=\"elementor-element elementor-element-972f97c elementor-widget elementor-widget-heading\" data-id=\"972f97c\" data-element_type=\"widget\" data-widget_type=\"heading.default\">\n\t\t\t\t<div class=\"elementor-widget-container\">\n\t\t\t\t\t<h2 class=\"elementor-heading-title elementor-size-default\">\u0404\u0432\u0433\u0435\u043d\u0456\u044f \u0413\u0440\u0430\u0430\u043b\u044c\u043c\u0430\u043d\u043d<\/h2>\t\t\t\t<\/div>\n\t\t\t\t<\/div>\n\t\t\t\t<div class=\"elementor-element elementor-element-c4bc80d elementor-widget elementor-widget-image\" data-id=\"c4bc80d\" data-element_type=\"widget\" data-widget_type=\"image.default\">\n\t\t\t\t<div class=\"elementor-widget-container\">\n\t\t\t\t\t\t\t\t\t\t\t\t\t\t\t<img loading=\"lazy\" decoding=\"async\" width=\"193\" height=\"257\" src=\"https:\/\/wbw-akademie.de\/wp-content\/uploads\/Foto-Eugenia-Graalmann.jpg\" class=\"attachment-large size-large wp-image-1109\" alt=\"\" srcset=\"https:\/\/wbw-akademie.de\/wp-content\/uploads\/Foto-Eugenia-Graalmann.jpg 193w, https:\/\/wbw-akademie.de\/wp-content\/uploads\/Foto-Eugenia-Graalmann-113x150.jpg 113w, https:\/\/wbw-akademie.de\/wp-content\/uploads\/Foto-Eugenia-Graalmann-9x12.jpg 9w\" sizes=\"(max-width: 193px) 100vw, 193px\" \/>\t\t\t\t\t\t\t\t\t\t\t\t\t\t\t<\/div>\n\t\t\t\t<\/div>\n\t\t\t\t<div class=\"elementor-element elementor-element-5b8efab elementor-widget elementor-widget-text-editor\" data-id=\"5b8efab\" data-element_type=\"widget\" data-widget_type=\"text-editor.default\">\n\t\t\t\t<div class=\"elementor-widget-container\">\n\t\t\t\t\t\t\t\t\t<ul><li>15 \u0440\u043e\u043a\u0456\u0432 \u043f\u0440\u043e\u0444\u0435\u0441\u0456\u0439\u043d\u043e\u0433\u043e \u0434\u043e\u0441\u0432\u0456\u0434\u0443 \u0432 \u0442\u0430\u043a\u0438\u0445 \u0441\u0444\u0435\u0440\u0430\u0445:<\/li><li>\u0424\u0456\u043d\u0430\u043d\u0441\u0438 \u0442\u0430 \u0431\u0443\u0445\u0433\u0430\u043b\u0442\u0435\u0440\u0441\u044c\u043a\u0438\u0439 \u043e\u0431\u043b\u0456\u043a<\/li><li>\u0423\u043f\u0440\u0430\u0432\u043b\u0456\u043d\u043d\u044f \u0437\u0430\u044f\u0432\u043d\u0438\u043a\u0430\u043c\u0438<\/li><li><b>RU, DE, EN<\/b><\/li><li><span style=\"color: #ff0000;\"><b>\u0410\u0434\u043c\u0456\u043d\u0456\u0441\u0442\u0440\u0430\u0446\u0456\u044f WBW Akademie<\/b> <b>\u0412\u0411\u0412<\/b><\/span><\/li><\/ul>\t\t\t\t\t\t\t\t<\/div>\n\t\t\t\t<\/div>\n\t\t\t\t\t<\/div>\n\t\t<\/div>\n\t\t\t\t\t<\/div>\n\t\t<\/section>\n\t\t\t\t<\/div>","protected":false},"excerpt":{"rendered":"<p>Yana Gololob 20 Jahre Berufserfahrung in Bereichen: Psychotherapie Kinder, Jugendliche und Erwachsene Inklusion und P\u00e4dagogik Sozialarbeit UA, RU, EN, DE Natalia Jatsenko \u00a0 \u00a0 \u00a0 \u00a015 Jahre Berufserfahrung in Bereichen: Diplom P\u00e4dagogik Erwachsenenbildung Fl\u00fcchtlingsberatung und Coaching Sozialp\u00e4dagogik Sprachkurse UA, RU, DE Irina Ostra 18 Jahre Berufserfahrung in: Gesundheits\u00f6konomie Gr\u00fcnderberatung Erwachsenenbildung Internationale Medizinberatung Sprachen: DE, EN, [&hellip;]<\/p>","protected":false},"author":2,"featured_media":0,"parent":0,"menu_order":0,"comment_status":"closed","ping_status":"closed","template":"","meta":{"footnotes":""},"class_list":["post-1082","page","type-page","status-publish","hentry"],"yoast_head":"<title>Unser Team - WBW Akademie<\/title>\n<meta name=\"robots\" content=\"index, follow, max-snippet:-1, max-image-preview:large, max-video-preview:-1\" \/>\n<link rel=\"canonical\" href=\"https:\/\/wbw-akademie.de\/uk\/\u043d\u0430\u0448\u0430-\u043a\u043e\u043c\u0430\u043d\u0434\u0430\/\" \/>\n<meta property=\"og:locale\" content=\"uk_UA\" \/>\n<meta property=\"og:type\" content=\"article\" \/>\n<meta property=\"og:title\" content=\"Unser Team - WBW Akademie\" \/>\n<meta property=\"og:description\" content=\"Yana Gololob 20 Jahre Berufserfahrung in Bereichen: Psychotherapie Kinder, Jugendliche und Erwachsene Inklusion und P\u00e4dagogik Sozialarbeit UA, RU, EN, DE Natalia Jatsenko \u00a0 \u00a0 \u00a0 \u00a015 Jahre Berufserfahrung in Bereichen: Diplom P\u00e4dagogik Erwachsenenbildung Fl\u00fcchtlingsberatung und Coaching Sozialp\u00e4dagogik Sprachkurse UA, RU, DE Irina Ostra 18 Jahre Berufserfahrung in: Gesundheits\u00f6konomie Gr\u00fcnderberatung Erwachsenenbildung Internationale Medizinberatung Sprachen: DE, EN, [&hellip;]\" \/>\n<meta property=\"og:url\" content=\"https:\/\/wbw-akademie.de\/uk\/\u043d\u0430\u0448\u0430-\u043a\u043e\u043c\u0430\u043d\u0434\u0430\/\" \/>\n<meta property=\"og:site_name\" content=\"WBW Akademie\" \/>\n<meta property=\"article:modified_time\" content=\"2025-10-13T19:49:06+00:00\" \/>\n<meta property=\"og:image\" content=\"https:\/\/wbw-akademie.de\/wp-content\/uploads\/Foto-Yana-Gololob.jpg\" \/>\n<meta name=\"twitter:card\" content=\"summary_large_image\" \/>\n<meta name=\"twitter:label1\" content=\"\u041f\u0440\u0438\u0431\u043b. \u0447\u0430\u0441 \u0447\u0438\u0442\u0430\u043d\u043d\u044f\" \/>\n\t<meta name=\"twitter:data1\" content=\"2 \u0445\u0432\u0438\u043b\u0438\u043d\u0438\" \/>\n<script type=\"application\/ld+json\" class=\"yoast-schema-graph\">{\"@context\":\"https:\\\/\\\/schema.org\",\"@graph\":[{\"@type\":\"WebPage\",\"@id\":\"https:\\\/\\\/wbw-akademie.de\\\/unser-team\\\/\",\"url\":\"https:\\\/\\\/wbw-akademie.de\\\/unser-team\\\/\",\"name\":\"Unser Team - WBW Akademie\",\"isPartOf\":{\"@id\":\"https:\\\/\\\/wbw-akademie.de\\\/#website\"},\"primaryImageOfPage\":{\"@id\":\"https:\\\/\\\/wbw-akademie.de\\\/unser-team\\\/#primaryimage\"},\"image\":{\"@id\":\"https:\\\/\\\/wbw-akademie.de\\\/unser-team\\\/#primaryimage\"},\"thumbnailUrl\":\"https:\\\/\\\/wbw-akademie.de\\\/wp-content\\\/uploads\\\/Foto-Yana-Gololob.jpg\",\"datePublished\":\"2025-10-13T19:15:23+00:00\",\"dateModified\":\"2025-10-13T19:49:06+00:00\",\"breadcrumb\":{\"@id\":\"https:\\\/\\\/wbw-akademie.de\\\/unser-team\\\/#breadcrumb\"},\"inLanguage\":\"uk\",\"potentialAction\":[{\"@type\":\"ReadAction\",\"target\":[\"https:\\\/\\\/wbw-akademie.de\\\/unser-team\\\/\"]}]},{\"@type\":\"ImageObject\",\"inLanguage\":\"uk\",\"@id\":\"https:\\\/\\\/wbw-akademie.de\\\/unser-team\\\/#primaryimage\",\"url\":\"https:\\\/\\\/wbw-akademie.de\\\/wp-content\\\/uploads\\\/Foto-Yana-Gololob.jpg\",\"contentUrl\":\"https:\\\/\\\/wbw-akademie.de\\\/wp-content\\\/uploads\\\/Foto-Yana-Gololob.jpg\"},{\"@type\":\"BreadcrumbList\",\"@id\":\"https:\\\/\\\/wbw-akademie.de\\\/unser-team\\\/#breadcrumb\",\"itemListElement\":[{\"@type\":\"ListItem\",\"position\":1,\"name\":\"\u0413\u043b\u0430\u0432\u043d\u0430\u044f \u0441\u0442\u0440\u0430\u043d\u0438\u0446\u0430\",\"item\":\"https:\\\/\\\/wbw-akademie.de\\\/\"},{\"@type\":\"ListItem\",\"position\":2,\"name\":\"Unser Team\"}]},{\"@type\":\"WebSite\",\"@id\":\"https:\\\/\\\/wbw-akademie.de\\\/#website\",\"url\":\"https:\\\/\\\/wbw-akademie.de\\\/\",\"name\":\"WBW Akademie\",\"description\":\"Weiterbildungen f\u00fcr Migranten\",\"publisher\":{\"@id\":\"https:\\\/\\\/wbw-akademie.de\\\/#organization\"},\"potentialAction\":[{\"@type\":\"SearchAction\",\"target\":{\"@type\":\"EntryPoint\",\"urlTemplate\":\"https:\\\/\\\/wbw-akademie.de\\\/?s={search_term_string}\"},\"query-input\":{\"@type\":\"PropertyValueSpecification\",\"valueRequired\":true,\"valueName\":\"search_term_string\"}}],\"inLanguage\":\"uk\"},{\"@type\":\"Organization\",\"@id\":\"https:\\\/\\\/wbw-akademie.de\\\/#organization\",\"name\":\"WBW Akademie GmbH - \u0410\u043a\u0430\u0434\u0435\u043c\u0438\u044f \u0434\u043b\u044f \u043c\u0438\u0433\u0440\u0430\u043d\u0442\u043e\u0432 \u0432 \u0413\u0435\u0440\u043c\u0430\u043d\u0438\u0438\",\"url\":\"https:\\\/\\\/wbw-akademie.de\\\/\",\"logo\":{\"@type\":\"ImageObject\",\"inLanguage\":\"uk\",\"@id\":\"https:\\\/\\\/wbw-akademie.de\\\/#\\\/schema\\\/logo\\\/image\\\/\",\"url\":\"https:\\\/\\\/wbw-akademie.de\\\/wp-content\\\/uploads\\\/WBW-538.png\",\"contentUrl\":\"https:\\\/\\\/wbw-akademie.de\\\/wp-content\\\/uploads\\\/WBW-538.png\",\"width\":538,\"height\":538,\"caption\":\"WBW Akademie GmbH - \u0410\u043a\u0430\u0434\u0435\u043c\u0438\u044f \u0434\u043b\u044f \u043c\u0438\u0433\u0440\u0430\u043d\u0442\u043e\u0432 \u0432 \u0413\u0435\u0440\u043c\u0430\u043d\u0438\u0438\"},\"image\":{\"@id\":\"https:\\\/\\\/wbw-akademie.de\\\/#\\\/schema\\\/logo\\\/image\\\/\"}}]}<\/script>","yoast_head_json":{"title":"Unser Team - WBW Akademie","robots":{"index":"index","follow":"follow","max-snippet":"max-snippet:-1","max-image-preview":"max-image-preview:large","max-video-preview":"max-video-preview:-1"},"canonical":"https:\/\/wbw-akademie.de\/uk\/\u043d\u0430\u0448\u0430-\u043a\u043e\u043c\u0430\u043d\u0434\u0430\/","og_locale":"uk_UA","og_type":"article","og_title":"Unser Team - WBW Akademie","og_description":"Yana Gololob 20 Jahre Berufserfahrung in Bereichen: Psychotherapie Kinder, Jugendliche und Erwachsene Inklusion und P\u00e4dagogik Sozialarbeit UA, RU, EN, DE Natalia Jatsenko \u00a0 \u00a0 \u00a0 \u00a015 Jahre Berufserfahrung in Bereichen: Diplom P\u00e4dagogik Erwachsenenbildung Fl\u00fcchtlingsberatung und Coaching Sozialp\u00e4dagogik Sprachkurse UA, RU, DE Irina Ostra 18 Jahre Berufserfahrung in: Gesundheits\u00f6konomie Gr\u00fcnderberatung Erwachsenenbildung Internationale Medizinberatung Sprachen: DE, EN, [&hellip;]","og_url":"https:\/\/wbw-akademie.de\/uk\/\u043d\u0430\u0448\u0430-\u043a\u043e\u043c\u0430\u043d\u0434\u0430\/","og_site_name":"WBW Akademie","article_modified_time":"2025-10-13T19:49:06+00:00","og_image":[{"url":"https:\/\/wbw-akademie.de\/wp-content\/uploads\/Foto-Yana-Gololob.jpg","type":"","width":"","height":""}],"twitter_card":"summary_large_image","twitter_misc":{"\u041f\u0440\u0438\u0431\u043b. \u0447\u0430\u0441 \u0447\u0438\u0442\u0430\u043d\u043d\u044f":"2 \u0445\u0432\u0438\u043b\u0438\u043d\u0438"},"schema":{"@context":"https:\/\/schema.org","@graph":[{"@type":"WebPage","@id":"https:\/\/wbw-akademie.de\/unser-team\/","url":"https:\/\/wbw-akademie.de\/unser-team\/","name":"Unser Team - WBW Akademie","isPartOf":{"@id":"https:\/\/wbw-akademie.de\/#website"},"primaryImageOfPage":{"@id":"https:\/\/wbw-akademie.de\/unser-team\/#primaryimage"},"image":{"@id":"https:\/\/wbw-akademie.de\/unser-team\/#primaryimage"},"thumbnailUrl":"https:\/\/wbw-akademie.de\/wp-content\/uploads\/Foto-Yana-Gololob.jpg","datePublished":"2025-10-13T19:15:23+00:00","dateModified":"2025-10-13T19:49:06+00:00","breadcrumb":{"@id":"https:\/\/wbw-akademie.de\/unser-team\/#breadcrumb"},"inLanguage":"uk","potentialAction":[{"@type":"ReadAction","target":["https:\/\/wbw-akademie.de\/unser-team\/"]}]},{"@type":"ImageObject","inLanguage":"uk","@id":"https:\/\/wbw-akademie.de\/unser-team\/#primaryimage","url":"https:\/\/wbw-akademie.de\/wp-content\/uploads\/Foto-Yana-Gololob.jpg","contentUrl":"https:\/\/wbw-akademie.de\/wp-content\/uploads\/Foto-Yana-Gololob.jpg"},{"@type":"BreadcrumbList","@id":"https:\/\/wbw-akademie.de\/unser-team\/#breadcrumb","itemListElement":[{"@type":"ListItem","position":1,"name":"\u0413\u043b\u0430\u0432\u043d\u0430\u044f \u0441\u0442\u0440\u0430\u043d\u0438\u0446\u0430","item":"https:\/\/wbw-akademie.de\/"},{"@type":"ListItem","position":2,"name":"Unser Team"}]},{"@type":"WebSite","@id":"https:\/\/wbw-akademie.de\/#website","url":"https:\/\/wbw-akademie.de\/","name":"WBW Akademie","description":"Weiterbildungen f\u00fcr Migranten","publisher":{"@id":"https:\/\/wbw-akademie.de\/#organization"},"potentialAction":[{"@type":"SearchAction","target":{"@type":"EntryPoint","urlTemplate":"https:\/\/wbw-akademie.de\/?s={search_term_string}"},"query-input":{"@type":"PropertyValueSpecification","valueRequired":true,"valueName":"search_term_string"}}],"inLanguage":"uk"},{"@type":"Organization","@id":"https:\/\/wbw-akademie.de\/#organization","name":"WBW Akademie GmbH - \u0410\u043a\u0430\u0434\u0435\u043c\u0438\u044f \u0434\u043b\u044f \u043c\u0438\u0433\u0440\u0430\u043d\u0442\u043e\u0432 \u0432 \u0413\u0435\u0440\u043c\u0430\u043d\u0438\u0438","url":"https:\/\/wbw-akademie.de\/","logo":{"@type":"ImageObject","inLanguage":"uk","@id":"https:\/\/wbw-akademie.de\/#\/schema\/logo\/image\/","url":"https:\/\/wbw-akademie.de\/wp-content\/uploads\/WBW-538.png","contentUrl":"https:\/\/wbw-akademie.de\/wp-content\/uploads\/WBW-538.png","width":538,"height":538,"caption":"WBW Akademie GmbH - \u0410\u043a\u0430\u0434\u0435\u043c\u0438\u044f \u0434\u043b\u044f \u043c\u0438\u0433\u0440\u0430\u043d\u0442\u043e\u0432 \u0432 \u0413\u0435\u0440\u043c\u0430\u043d\u0438\u0438"},"image":{"@id":"https:\/\/wbw-akademie.de\/#\/schema\/logo\/image\/"}}]}},"_links":{"self":[{"href":"https:\/\/wbw-akademie.de\/uk\/wp-json\/wp\/v2\/pages\/1082","targetHints":{"allow":["GET"]}}],"collection":[{"href":"https:\/\/wbw-akademie.de\/uk\/wp-json\/wp\/v2\/pages"}],"about":[{"href":"https:\/\/wbw-akademie.de\/uk\/wp-json\/wp\/v2\/types\/page"}],"author":[{"embeddable":true,"href":"https:\/\/wbw-akademie.de\/uk\/wp-json\/wp\/v2\/users\/2"}],"replies":[{"embeddable":true,"href":"https:\/\/wbw-akademie.de\/uk\/wp-json\/wp\/v2\/comments?post=1082"}],"version-history":[{"count":19,"href":"https:\/\/wbw-akademie.de\/uk\/wp-json\/wp\/v2\/pages\/1082\/revisions"}],"predecessor-version":[{"id":1112,"href":"https:\/\/wbw-akademie.de\/uk\/wp-json\/wp\/v2\/pages\/1082\/revisions\/1112"}],"wp:attachment":[{"href":"https:\/\/wbw-akademie.de\/uk\/wp-json\/wp\/v2\/media?parent=1082"}],"curies":[{"name":"wp","href":"https:\/\/api.w.org\/{rel}","templated":true}]}}